{"id":9621,"date":"2017-04-21T14:53:32","date_gmt":"2017-04-21T12:53:32","guid":{"rendered":"https:\/\/batige.ch\/?page_id=9621\/"},"modified":"2018-02-28T15:14:54","modified_gmt":"2018-02-28T14:14:54","slug":"programmes-2","status":"publish","type":"page","link":"https:\/\/batige.ch\/fr\/programmes-2\/","title":{"rendered":"Nos programmes"},"content":{"rendered":"<p>Les programmes sont l\u2019ensemble des initiatives prises par Batige pour vous proposer de nouveaux projets immobiliers.<\/p>\n<p>Aujourd\u2019hui, Batige vous pr\u00e9sente des r\u00e9sidences et des maisons jumel\u00e9es\/maisons de ville \u00e0 la fois modernes, \u00e9conomiques et confortables, d\u00e9j\u00e0 r\u00e9alis\u00e9es dans le Haut-Rhin ou le Bas-Rhin.<\/p>\n<p>D\u00e9couvrez nos programmes neufs similaires sans plus attendre.<\/p>\n","protected":false},"excerpt":{"rendered":"<p>Les programmes sont l\u2019ensemble des initiatives prises par Batige pour vous proposer de nouveaux projets immobiliers. Aujourd\u2019hui, Batige vous pr\u00e9sente des r\u00e9sidences et des maisons jumel\u00e9es\/maisons de ville \u00e0 la fois modernes, \u00e9conomiques et confortables, d\u00e9j\u00e0 r\u00e9alis\u00e9es dans le Haut-Rhin ou le Bas-Rhin. D\u00e9couvrez nos programmes neufs similaires sans plus attendre.<\/p>\n","protected":false},"author":1,"featured_media":9683,"parent":0,"menu_order":0,"comment_status":"closed","ping_status":"closed","template":"","meta":[],"acf":[],"jetpack_sharing_enabled":true,"_links":{"self":[{"href":"https:\/\/batige.ch\/fr\/wp-json\/wp\/v2\/pages\/9621"}],"collection":[{"href":"https:\/\/batige.ch\/fr\/wp-json\/wp\/v2\/pages"}],"about":[{"href":"https:\/\/batige.ch\/fr\/wp-json\/wp\/v2\/types\/page"}],"author":[{"embeddable":true,"href":"https:\/\/batige.ch\/fr\/wp-json\/wp\/v2\/users\/1"}],"replies":[{"embeddable":true,"href":"https:\/\/batige.ch\/fr\/wp-json\/wp\/v2\/comments?post=9621"}],"version-history":[{"count":3,"href":"https:\/\/batige.ch\/fr\/wp-json\/wp\/v2\/pages\/9621\/revisions"}],"predecessor-version":[{"id":11066,"href":"https:\/\/batige.ch\/fr\/wp-json\/wp\/v2\/pages\/9621\/revisions\/11066"}],"wp:featuredmedia":[{"embeddable":true,"href":"https:\/\/batige.ch\/fr\/wp-json\/wp\/v2\/media\/9683"}],"wp:attachment":[{"href":"https:\/\/batige.ch\/fr\/wp-json\/wp\/v2\/media?parent=9621"}],"curies":[{"name":"wp","href":"https:\/\/api.w.org\/{rel}","templated":true}]}}