{"id":3844,"date":"2017-02-17T14:57:36","date_gmt":"2017-02-17T13:57:36","guid":{"rendered":"https:\/\/batige.ch\/demande-de-devis\/"},"modified":"2018-06-18T15:39:49","modified_gmt":"2018-06-18T13:39:49","slug":"demande-de-devis","status":"publish","type":"page","link":"https:\/\/batige.ch\/fr\/demande-de-devis\/","title":{"rendered":"Demande de devis"},"content":{"rendered":"<section class=\"wpb-content-wrapper\"><p>[vc_row][vc_column]<script type=\"text\/javascript\">var gform;gform||(document.addEventListener(\"gform_main_scripts_loaded\",function(){gform.scriptsLoaded=!0}),window.addEventListener(\"DOMContentLoaded\",function(){gform.domLoaded=!0}),gform={domLoaded:!1,scriptsLoaded:!1,initializeOnLoaded:function(o){gform.domLoaded&&gform.scriptsLoaded?o():!gform.domLoaded&&gform.scriptsLoaded?window.addEventListener(\"DOMContentLoaded\",o):document.addEventListener(\"gform_main_scripts_loaded\",o)},hooks:{action:{},filter:{}},addAction:function(o,n,r,t){gform.addHook(\"action\",o,n,r,t)},addFilter:function(o,n,r,t){gform.addHook(\"filter\",o,n,r,t)},doAction:function(o){gform.doHook(\"action\",o,arguments)},applyFilters:function(o){return gform.doHook(\"filter\",o,arguments)},removeAction:function(o,n){gform.removeHook(\"action\",o,n)},removeFilter:function(o,n,r){gform.removeHook(\"filter\",o,n,r)},addHook:function(o,n,r,t,i){null==gform.hooks[o][n]&&(gform.hooks[o][n]=[]);var e=gform.hooks[o][n];null==i&&(i=n+\"_\"+e.length),gform.hooks[o][n].push({tag:i,callable:r,priority:t=null==t?10:t})},doHook:function(n,o,r){var t;if(r=Array.prototype.slice.call(r,1),null!=gform.hooks[n][o]&&((o=gform.hooks[n][o]).sort(function(o,n){return o.priority-n.priority}),o.forEach(function(o){\"function\"!=typeof(t=o.callable)&&(t=window[t]),\"action\"==n?t.apply(null,r):r[0]=t.apply(null,r)})),\"filter\"==n)return r[0]},removeHook:function(o,n,t,i){var r;null!=gform.hooks[o][n]&&(r=(r=gform.hooks[o][n]).filter(function(o,n,r){return!!(null!=i&&i!=o.tag||null!=t&&t!=o.priority)}),gform.hooks[o][n]=r)}});<\/script>\n                <div class='gf_browser_gecko gform_wrapper gform_legacy_markup_wrapper gform-theme--no-framework' data-form-theme='legacy' data-form-index='0' id='gform_wrapper_5' ><div id='gf_5' class='gform_anchor' tabindex='-1'><\/div><form method='post' enctype='multipart\/form-data'  id='gform_5'  action='\/fr\/wp-json\/wp\/v2\/pages\/3844#gf_5' data-formid='5' ><div id='gf_page_steps_5' class='gf_page_steps'><div id='gf_step_5_1' class='gf_step gf_step_active gf_step_first'><span class='gf_step_number'>1<\/span><span class='gf_step_label'>Informations de la maison<\/span><\/div><div id='gf_step_5_2' class='gf_step gf_step_next gf_step_pending'><span class='gf_step_number'>2<\/span><span class='gf_step_label'>Localisation<\/span><\/div><div id='gf_step_5_3' class='gf_step gf_step_last gf_step_pending'><span class='gf_step_number'>3<\/span><span class='gf_step_label'>Informations personnelles<\/span><\/div><\/div>\n                        <div class='gform-body gform_body'><div id='gform_page_5_1' class='gform_page ' data-js='page-field-id-1' >\n                                    <div class='gform_page_fields'><fieldset class=\"gfieldset gform_fieldset_begin gform_fieldset \"><ul class=\"gform_fields top_label form_sublabel_below description_below\"><li id=\"field_5_9\"  class=\"form-group gfield gfield--type-checkbox gfield--type-choice gf_list_inline liste-maisons field_sublabel_below gfield--no-description field_description_below gfield_visibility_visible\"  data-field-class=\"form-group\" data-js-reload=\"field_5_9\"><label class='gfield_label gform-field-label gfield_label_before_complex'  >S\u00e9lectionnez un ou plusieurs types de construction<\/label><div class='ginput_container ginput_container_checkbox'><ul class='gfield_checkbox' id='input_5_9'><li class='gchoice gchoice_5_9_1'><div class=\"text_on_image text_on_image-checkbox\">\n\t\t\t\t\t\t\t\t<input class='gfield-choice-input' name='input_9.1' type='checkbox'  value='Tendance'  id='choice_5_9_1'   \/>\n\t\t\t\t\t\t\t\t<label for='choice_5_9_1' id='label_5_9_1' class='gform-field-label gform-field-label--type-inline'>Tendance <img width=\"380\" height=\"238\" src=\"https:\/\/batige.ch\/wp-content\/uploads\/2017\/04\/55ae5c1854267-35-380x238.jpg\" class=\"attachment-col4-thumb size-col4-thumb\" alt=\"\" decoding=\"async\" loading=\"lazy\" srcset=\"https:\/\/batige.ch\/wp-content\/uploads\/2017\/04\/55ae5c1854267-35-380x238.jpg 380w, https:\/\/batige.ch\/wp-content\/uploads\/2017\/04\/55ae5c1854267-35-180x112.jpg 180w, https:\/\/batige.ch\/wp-content\/uploads\/2017\/04\/55ae5c1854267-35-760x476.jpg 760w\" sizes=\"(max-width: 380px) 100vw, 380px\" \/><div class=\"absolute-table-container\"><div class=\"absolute-table\"><span class=\"texte\">Tendance<\/span><span class=\"logo\"><\/span><\/div><\/div><\/div><\/li><li class='gchoice gchoice_5_9_2'><div class=\"text_on_image text_on_image-checkbox\">\n\t\t\t\t\t\t\t\t<input class='gfield-choice-input' name='input_9.2' type='checkbox'  value='Classique'  id='choice_5_9_2'   \/>\n\t\t\t\t\t\t\t\t<label for='choice_5_9_2' id='label_5_9_2' class='gform-field-label gform-field-label--type-inline'>Classique <img width=\"380\" height=\"238\" src=\"https:\/\/batige.ch\/wp-content\/uploads\/2017\/04\/55ae588e88bf1-52-380x238.jpg\" class=\"attachment-col4-thumb size-col4-thumb\" alt=\"\" decoding=\"async\" loading=\"lazy\" srcset=\"https:\/\/batige.ch\/wp-content\/uploads\/2017\/04\/55ae588e88bf1-52-380x238.jpg 380w, https:\/\/batige.ch\/wp-content\/uploads\/2017\/04\/55ae588e88bf1-52-180x112.jpg 180w, https:\/\/batige.ch\/wp-content\/uploads\/2017\/04\/55ae588e88bf1-52-760x476.jpg 760w\" sizes=\"(max-width: 380px) 100vw, 380px\" \/><div class=\"absolute-table-container\"><div class=\"absolute-table\"><span class=\"texte\">Classique<\/span><span class=\"logo\"><\/span><\/div><\/div><\/div><\/li><li class='gchoice gchoice_5_9_3'><div class=\"text_on_image text_on_image-checkbox\">\n\t\t\t\t\t\t\t\t<input class='gfield-choice-input' name='input_9.3' type='checkbox'  value='Design'  id='choice_5_9_3'   \/>\n\t\t\t\t\t\t\t\t<label for='choice_5_9_3' id='label_5_9_3' class='gform-field-label gform-field-label--type-inline'>Design <img width=\"380\" height=\"238\" src=\"https:\/\/batige.ch\/wp-content\/uploads\/2017\/04\/55af5060306db-3-380x238.jpg\" class=\"attachment-col4-thumb size-col4-thumb\" alt=\"\" decoding=\"async\" loading=\"lazy\" srcset=\"https:\/\/batige.ch\/wp-content\/uploads\/2017\/04\/55af5060306db-3-380x238.jpg 380w, https:\/\/batige.ch\/wp-content\/uploads\/2017\/04\/55af5060306db-3-180x112.jpg 180w, https:\/\/batige.ch\/wp-content\/uploads\/2017\/04\/55af5060306db-3-760x476.jpg 760w\" sizes=\"(max-width: 380px) 100vw, 380px\" \/><div class=\"absolute-table-container\"><div class=\"absolute-table\"><span class=\"texte\">Design<\/span><span class=\"logo\"><\/span><\/div><\/div><\/div><\/li><li class='gchoice gchoice_5_9_4'><div class=\"text_on_image text_on_image-checkbox\">\n\t\t\t\t\t\t\t\t<input class='gfield-choice-input' name='input_9.4' type='checkbox'  value='Sur-Mesure'  id='choice_5_9_4'   \/>\n\t\t\t\t\t\t\t\t<label for='choice_5_9_4' id='label_5_9_4' class='gform-field-label gform-field-label--type-inline'>Sur-Mesure <img width=\"380\" height=\"238\" src=\"https:\/\/batige.ch\/wp-content\/uploads\/2017\/04\/sur-mesure-1_1-380x238.jpg\" class=\"attachment-col4-thumb size-col4-thumb\" alt=\"\" decoding=\"async\" loading=\"lazy\" srcset=\"https:\/\/batige.ch\/wp-content\/uploads\/2017\/04\/sur-mesure-1_1-380x238.jpg 380w, https:\/\/batige.ch\/wp-content\/uploads\/2017\/04\/sur-mesure-1_1-180x112.jpg 180w, https:\/\/batige.ch\/wp-content\/uploads\/2017\/04\/sur-mesure-1_1-760x476.jpg 760w\" sizes=\"(max-width: 380px) 100vw, 380px\" \/><div class=\"absolute-table-container\"><div class=\"absolute-table\"><span class=\"texte\">Sur-Mesure<\/span><span class=\"logo\"><\/span><\/div><\/div><\/div><\/li><\/ul><\/div><\/li><\/ul><\/fieldset>\n                    <\/div>\n                    <div class='gform_page_footer top_label'>\n                         <input type='button' id='gform_next_button_5_3' class='gform_next_button gform-theme-button button' value='\u00c9tape suivante'  onclick='jQuery(\"#gform_target_page_number_5\").val(\"2\");  jQuery(\"#gform_5\").trigger(\"submit\",[true]); ' onkeypress='if( event.keyCode == 13 ){ jQuery(\"#gform_target_page_number_5\").val(\"2\");  jQuery(\"#gform_5\").trigger(\"submit\",[true]); } ' \/> \n                    <\/div>\n                <\/div>\n                <div id='gform_page_5_2' class='gform_page' data-js='page-field-id-3' style='display:none;'>\n                    <div class='gform_page_fields'>\n                        <fieldset class=\"gfieldset gform_fieldset_begin gform_fieldset \"><ul class=\"gform_fields top_label form_sublabel_below description_below\"><li id=\"field_5_10\"  class=\"form-group gfield gfield--type-select field_sublabel_below gfield--no-description field_description_below gfield_visibility_visible\"  data-field-class=\"form-group\" data-js-reload=\"field_5_10\"><label class='gfield_label gform-field-label' for='input_5_10' >Dans quel d\u00e9partement<\/label><div class='ginput_container ginput_container_select'><select name='input_10' id='input_5_10' class='large gfield_select'     aria-invalid=\"false\" ><option value='Haut-Rhin (68)' >Haut-Rhin (68)<\/option><option value='Bas-Rhin (67)' >Bas-Rhin (67)<\/option><\/select><\/div><\/li><li id=\"field_5_11\"  class=\"form-group gfield gfield--type-text field_sublabel_below gfield--no-description field_description_below gfield_visibility_visible\"  data-field-class=\"form-group\" data-js-reload=\"field_5_11\"><label class='gfield_label gform-field-label' for='input_5_11' >Les villes souhait\u00e9es<\/label><div class='ginput_container ginput_container_text'><input name='input_11' id='input_5_11' type='text' value='' class='large'      aria-invalid=\"false\"   \/> <\/div><\/li><li id=\"field_5_12\"  class=\"form-group gfield gfield--type-text hidden_label field_sublabel_below gfield--no-description field_description_below gfield_visibility_visible\"  data-field-class=\"form-group\" data-js-reload=\"field_5_12\"><label class='gfield_label gform-field-label screen-reader-text' for='input_5_12' ><\/label><div class='ginput_container ginput_container_text'><input name='input_12' id='input_5_12' type='text' value='' class='large'      aria-invalid=\"false\"   \/> <\/div><\/li><li id=\"field_5_13\"  class=\"form-group gfield gfield--type-text hidden_label field_sublabel_below gfield--no-description field_description_below gfield_visibility_visible\"  data-field-class=\"form-group\" data-js-reload=\"field_5_13\"><label class='gfield_label gform-field-label screen-reader-text' for='input_5_13' ><\/label><div class='ginput_container ginput_container_text'><input name='input_13' id='input_5_13' type='text' value='' class='large'      aria-invalid=\"false\"   \/> <\/div><\/li><li id=\"field_5_14\"  class=\"form-group gfield gfield--type-text hidden_label field_sublabel_below gfield--no-description field_description_below gfield_visibility_visible\"  data-field-class=\"form-group\" data-js-reload=\"field_5_14\"><label class='gfield_label gform-field-label screen-reader-text' for='input_5_14' ><\/label><div class='ginput_container ginput_container_text'><input name='input_14' id='input_5_14' type='text' value='' class='large'      aria-invalid=\"false\"   \/> <\/div><\/li><\/ul><\/fieldset>\n                    <\/div>\n                    <div class='gform_page_footer top_label'>\n                        <input type='button' id='gform_previous_button_5_4' class='gform_previous_button gform-theme-button gform-theme-button--secondary button' value='\u00c9tape pr\u00e9c\u00e9dente'  onclick='jQuery(\"#gform_target_page_number_5\").val(\"1\");  jQuery(\"#gform_5\").trigger(\"submit\",[true]); ' onkeypress='if( event.keyCode == 13 ){ jQuery(\"#gform_target_page_number_5\").val(\"1\");  jQuery(\"#gform_5\").trigger(\"submit\",[true]); } ' \/> <input type='button' id='gform_next_button_5_4' class='gform_next_button gform-theme-button button' value='\u00c9tape suivante'  onclick='jQuery(\"#gform_target_page_number_5\").val(\"3\");  jQuery(\"#gform_5\").trigger(\"submit\",[true]); ' onkeypress='if( event.keyCode == 13 ){ jQuery(\"#gform_target_page_number_5\").val(\"3\");  jQuery(\"#gform_5\").trigger(\"submit\",[true]); } ' \/> \n                    <\/div>\n                <\/div>\n                <div id='gform_page_5_3' class='gform_page' data-js='page-field-id-4' style='display:none;'>\n                    <div class='gform_page_fields'>\n                        <fieldset class=\"gfieldset gform_fieldset_begin gform_fieldset \"><ul class=\"gform_fields top_label form_sublabel_below description_below\"><li id=\"field_5_15\"  class=\"form-group gfield gfield--type-text gf_left_half gfield_contains_required field_sublabel_below gfield--no-description field_description_below gfield_visibility_visible\"  data-field-class=\"form-group\" data-js-reload=\"field_5_15\"><label class='gfield_label gform-field-label' for='input_5_15' >Nom<span class=\"gfield_required\"><span class=\"gfield_required gfield_required_asterisk\">*<\/span><\/span><\/label><div class='ginput_container ginput_container_text'><input name='input_15' id='input_5_15' type='text' value='' class='large'     aria-required=\"true\" aria-invalid=\"false\"   \/> <\/div><\/li><li id=\"field_5_16\"  class=\"form-group gfield gfield--type-text gf_right_half gfield_contains_required field_sublabel_below gfield--no-description field_description_below gfield_visibility_visible\"  data-field-class=\"form-group\" data-js-reload=\"field_5_16\"><label class='gfield_label gform-field-label' for='input_5_16' >Pr\u00e9nom<span class=\"gfield_required\"><span class=\"gfield_required gfield_required_asterisk\">*<\/span><\/span><\/label><div class='ginput_container ginput_container_text'><input name='input_16' id='input_5_16' type='text' value='' class='large'     aria-required=\"true\" aria-invalid=\"false\"   \/> <\/div><\/li><li id=\"field_5_17\"  class=\"form-group gfield gfield--type-email gf_left_half gfield_contains_required field_sublabel_below gfield--no-description field_description_below gfield_visibility_visible\"  data-field-class=\"form-group\" data-js-reload=\"field_5_17\"><label class='gfield_label gform-field-label' for='input_5_17' >Adresse e-mail<span class=\"gfield_required\"><span class=\"gfield_required gfield_required_asterisk\">*<\/span><\/span><\/label><div class='ginput_container ginput_container_email'>\n                            <input name='input_17' id='input_5_17' type='text' value='' class='large'    aria-required=\"true\" aria-invalid=\"false\"  \/>\n                        <\/div><\/li><li id=\"field_5_18\"  class=\"form-group gfield gfield--type-phone gf_right_half gfield_contains_required field_sublabel_below gfield--no-description field_description_below gfield_visibility_visible\"  data-field-class=\"form-group\" data-js-reload=\"field_5_18\"><label class='gfield_label gform-field-label' for='input_5_18' >T\u00e9l\u00e9phone<span class=\"gfield_required\"><span class=\"gfield_required gfield_required_asterisk\">*<\/span><\/span><\/label><div class='ginput_container ginput_container_phone'><input name='input_18' id='input_5_18' type='text' value='' class='large'   aria-required=\"true\" aria-invalid=\"false\"   \/><\/div><\/li><li id=\"field_5_19\"  class=\"form-group gfield gfield--type-text field_sublabel_below gfield--no-description field_description_below gfield_visibility_visible\"  data-field-class=\"form-group\" data-js-reload=\"field_5_19\"><label class='gfield_label gform-field-label' for='input_5_19' >Adresse<\/label><div class='ginput_container ginput_container_text'><input name='input_19' id='input_5_19' type='text' value='' class='large'      aria-invalid=\"false\"   \/> <\/div><\/li><li id=\"field_5_20\"  class=\"form-group gfield gfield--type-text gf_left_half field_sublabel_below gfield--no-description field_description_below gfield_visibility_visible\"  data-field-class=\"form-group\" data-js-reload=\"field_5_20\"><label class='gfield_label gform-field-label' for='input_5_20' >Ville<\/label><div class='ginput_container ginput_container_text'><input name='input_20' id='input_5_20' type='text' value='' class='large'      aria-invalid=\"false\"   \/> <\/div><\/li><li id=\"field_5_22\"  class=\"form-group gfield gfield--type-text gf_right_half field_sublabel_below gfield--no-description field_description_below gfield_visibility_visible\"  data-field-class=\"form-group\" data-js-reload=\"field_5_22\"><label class='gfield_label gform-field-label' for='input_5_22' >Code postal<\/label><div class='ginput_container ginput_container_text'><input name='input_22' id='input_5_22' type='text' value='' class='large'      aria-invalid=\"false\"   \/> <\/div><\/li><\/ul><\/fieldset><ul class=\"gform_fields top_label form_sublabel_below description_below\"><li id=\"field_5_25\"  class=\"form-group gfield gfield--type-checkbox gfield--type-choice gfield_contains_required field_sublabel_below gfield--no-description field_description_below gfield_visibility_visible\"  data-field-class=\"form-group\" data-js-reload=\"field_5_25\"><label class='gfield_label gform-field-label gfield_label_before_complex'  >Politique de confidentialit\u00e9<span class=\"gfield_required\"><span class=\"gfield_required gfield_required_asterisk\">*<\/span><\/span><\/label><div class='ginput_container ginput_container_checkbox'><ul class='gfield_checkbox' id='input_5_25'><li class='gchoice gchoice_5_25_1'>\n\t\t\t\t\t\t\t\t<input class='gfield-choice-input' name='input_25.1' type='checkbox'  value='Je reconnais avoir pris connaissance de la &lt;a target=&quot;blank&quot; href=&quot;https:\/\/batige.ch\/fr\/politique-de-confidentialite\/&quot;&gt;politique de confidentialit\u00e9&lt;\/a&gt;'  id='choice_5_25_1'   \/>\n\t\t\t\t\t\t\t\t<label for='choice_5_25_1' id='label_5_25_1' class='gform-field-label gform-field-label--type-inline'>Je reconnais avoir pris connaissance de la <a target=\"blank\" href=\"https:\/\/batige.ch\/fr\/politique-de-confidentialite\/\">politique de confidentialit\u00e9<\/a><\/label>\n\t\t\t\t\t\t\t<\/li><\/ul><\/div><\/li><\/ul><\/div>\n        <div class='gform_page_footer top_label'><input type='submit' id='gform_previous_button_5' class='gform_previous_button gform-theme-button gform-theme-button--secondary button' value='\u00c9tape pr\u00e9c\u00e9dente'  onclick='if(window[\"gf_submitting_5\"]){return false;}  window[\"gf_submitting_5\"]=true;  ' onkeypress='if( event.keyCode == 13 ){ if(window[\"gf_submitting_5\"]){return false;} window[\"gf_submitting_5\"]=true;  jQuery(\"#gform_5\").trigger(\"submit\",[true]); }' \/> <input type='submit' id='gform_submit_button_5' class='gform_button button' value='Valider ma demande de devis'  onclick='if(window[\"gf_submitting_5\"]){return false;}  window[\"gf_submitting_5\"]=true;  ' onkeypress='if( event.keyCode == 13 ){ if(window[\"gf_submitting_5\"]){return false;} window[\"gf_submitting_5\"]=true;  jQuery(\"#gform_5\").trigger(\"submit\",[true]); }' \/> \n            <input type='hidden' class='gform_hidden' name='is_submit_5' value='1' \/>\n            <input type='hidden' class='gform_hidden' name='gform_submit' value='5' \/>\n            \n            <input type='hidden' class='gform_hidden' name='gform_unique_id' value='' \/>\n            <input type='hidden' class='gform_hidden' name='state_5' value='WyJbXSIsIjAzMjdlNGQ0NzQxMzhkMjNlMmFkYTljYmExOWZkNTJiIl0=' \/>\n            <input type='hidden' class='gform_hidden' name='gform_target_page_number_5' id='gform_target_page_number_5' value='2' \/>\n            <input type='hidden' class='gform_hidden' name='gform_source_page_number_5' id='gform_source_page_number_5' value='1' \/>\n            <input type='hidden' name='gform_field_values' value='' \/>\n            \n        <\/div>\n                        <\/div><\/div>\n                        <p style=\"display: none !important;\"><label>&#916;<textarea name=\"ak_hp_textarea\" cols=\"45\" rows=\"8\" maxlength=\"100\"><\/textarea><\/label><input type=\"hidden\" id=\"ak_js_1\" name=\"ak_js\" value=\"124\"\/><script>document.getElementById( \"ak_js_1\" ).setAttribute( \"value\", ( new Date() ).getTime() );<\/script><\/p><\/form>\n                        <\/div><script type=\"text\/javascript\">\ngform.initializeOnLoaded( function() {gformInitSpinner( 5, 'https:\/\/batige.ch\/wp-content\/plugins\/gravityforms\/images\/spinner.svg', true );jQuery('#gform_ajax_frame_5').on('load',function(){var contents = jQuery(this).contents().find('*').html();var is_postback = contents.indexOf('GF_AJAX_POSTBACK') >= 0;if(!is_postback){return;}var form_content = jQuery(this).contents().find('#gform_wrapper_5');var is_confirmation = jQuery(this).contents().find('#gform_confirmation_wrapper_5').length > 0;var is_redirect = contents.indexOf('gformRedirect(){') >= 0;var is_form = form_content.length > 0 && ! is_redirect && ! is_confirmation;var mt = parseInt(jQuery('html').css('margin-top'), 10) + parseInt(jQuery('body').css('margin-top'), 10) + 100;if(is_form){jQuery('#gform_wrapper_5').html(form_content.html());if(form_content.hasClass('gform_validation_error')){jQuery('#gform_wrapper_5').addClass('gform_validation_error');} else {jQuery('#gform_wrapper_5').removeClass('gform_validation_error');}setTimeout( function() { \/* delay the scroll by 50 milliseconds to fix a bug in chrome *\/ jQuery(document).scrollTop(jQuery('#gform_wrapper_5').offset().top - mt); }, 50 );if(window['gformInitDatepicker']) {gformInitDatepicker();}if(window['gformInitPriceFields']) {gformInitPriceFields();}var current_page = jQuery('#gform_source_page_number_5').val();gformInitSpinner( 5, 'https:\/\/batige.ch\/wp-content\/plugins\/gravityforms\/images\/spinner.svg', true );jQuery(document).trigger('gform_page_loaded', [5, current_page]);window['gf_submitting_5'] = false;}else if(!is_redirect){var confirmation_content = jQuery(this).contents().find('.GF_AJAX_POSTBACK').html();if(!confirmation_content){confirmation_content = contents;}setTimeout(function(){jQuery('#gform_wrapper_5').replaceWith(confirmation_content);jQuery(document).scrollTop(jQuery('#gf_5').offset().top - mt);jQuery(document).trigger('gform_confirmation_loaded', [5]);window['gf_submitting_5'] = false;wp.a11y.speak(jQuery('#gform_confirmation_message_5').text());}, 50);}else{jQuery('#gform_5').append(contents);if(window['gformRedirect']) {gformRedirect();}}jQuery(document).trigger('gform_post_render', [5, current_page]);gform.utils.trigger({ event: 'gform\/postRender', native: false, data: { formId: 5, currentPage: current_page } });} );} );\n<\/script>\n[vc_column_text]Les informations recueillies sur ce formulaire sont enregistr\u00e9es dans un fichier informatis\u00e9 par l\u2019Agence Cactus et transmises \u00e0 BATIGE pour une prise de contact.<\/p>\n<p>Elles sont conserv\u00e9es en base de donn\u00e9es sur un serveur web pendant 3 ans.<\/p>\n<p>Conform\u00e9ment \u00e0 la loi \u00ab\u00a0<a href=\"https:\/\/www.cnil.fr\/fr\/loi-78-17-du-6-janvier-1978-modifiee\">informatique et libert\u00e9s<\/a>\u00a0\u00bb, vous pouvez exercer votre droit d\u2019acc\u00e8s aux donn\u00e9es vous concernant et les faire rectifier en contactant le responsable du traitement des donn\u00e9es \u00e0 cette adresse :\u00a0<a href=\"mailto:contact@batige.ch\">contact@batige.ch<\/a>.<\/p>\n<p>Pour en savoir plus sur la gestion de vos donn\u00e9es personnelles, vous pouvez consulter notre\u00a0<a href=\"https:\/\/batige.ch\/fr\/politique-de-confidentialite\/\" target=\"_blank\" rel=\"noopener\">politique de confidentialit\u00e9<\/a>.[\/vc_column_text][\/vc_column][\/vc_row]<\/p>\n<\/section>","protected":false},"excerpt":{"rendered":"<p>[vc_row][vc_column][vc_column_text]Les informations recueillies sur ce formulaire sont enregistr\u00e9es dans un fichier informatis\u00e9 par l\u2019Agence Cactus et transmises \u00e0 BATIGE pour une prise de contact. Elles sont conserv\u00e9es en base de donn\u00e9es sur un serveur web pendant 3 ans. Conform\u00e9ment \u00e0 la loi \u00ab\u00a0informatique et libert\u00e9s\u00a0\u00bb, vous pouvez exercer votre droit d\u2019acc\u00e8s aux donn\u00e9es vous concernant [&hellip;]<\/p>\n","protected":false},"author":1,"featured_media":0,"parent":0,"menu_order":0,"comment_status":"closed","ping_status":"closed","template":"","meta":[],"acf":[],"jetpack_sharing_enabled":true,"_links":{"self":[{"href":"https:\/\/batige.ch\/fr\/wp-json\/wp\/v2\/pages\/3844"}],"collection":[{"href":"https:\/\/batige.ch\/fr\/wp-json\/wp\/v2\/pages"}],"about":[{"href":"https:\/\/batige.ch\/fr\/wp-json\/wp\/v2\/types\/page"}],"author":[{"embeddable":true,"href":"https:\/\/batige.ch\/fr\/wp-json\/wp\/v2\/users\/1"}],"replies":[{"embeddable":true,"href":"https:\/\/batige.ch\/fr\/wp-json\/wp\/v2\/comments?post=3844"}],"version-history":[{"count":4,"href":"https:\/\/batige.ch\/fr\/wp-json\/wp\/v2\/pages\/3844\/revisions"}],"predecessor-version":[{"id":12027,"href":"https:\/\/batige.ch\/fr\/wp-json\/wp\/v2\/pages\/3844\/revisions\/12027"}],"wp:attachment":[{"href":"https:\/\/batige.ch\/fr\/wp-json\/wp\/v2\/media?parent=3844"}],"curies":[{"name":"wp","href":"https:\/\/api.w.org\/{rel}","templated":true}]}}