{"id":3827,"date":"2017-02-15T15:50:50","date_gmt":"2017-02-15T14:50:50","guid":{"rendered":"https:\/\/batige.ch\/estimer-budget-de-maison\/"},"modified":"2018-02-28T15:14:05","modified_gmt":"2018-02-28T14:14:05","slug":"estimer-budget-de-maison","status":"publish","type":"page","link":"https:\/\/batige.ch\/fr\/estimer-budget-de-maison\/","title":{"rendered":"Estimer le budget de votre maison"},"content":{"rendered":"<section class=\"wpb-content-wrapper\"><p>[vc_row][vc_column]<script type=\"text\/javascript\">var gform;gform||(document.addEventListener(\"gform_main_scripts_loaded\",function(){gform.scriptsLoaded=!0}),window.addEventListener(\"DOMContentLoaded\",function(){gform.domLoaded=!0}),gform={domLoaded:!1,scriptsLoaded:!1,initializeOnLoaded:function(o){gform.domLoaded&&gform.scriptsLoaded?o():!gform.domLoaded&&gform.scriptsLoaded?window.addEventListener(\"DOMContentLoaded\",o):document.addEventListener(\"gform_main_scripts_loaded\",o)},hooks:{action:{},filter:{}},addAction:function(o,n,r,t){gform.addHook(\"action\",o,n,r,t)},addFilter:function(o,n,r,t){gform.addHook(\"filter\",o,n,r,t)},doAction:function(o){gform.doHook(\"action\",o,arguments)},applyFilters:function(o){return gform.doHook(\"filter\",o,arguments)},removeAction:function(o,n){gform.removeHook(\"action\",o,n)},removeFilter:function(o,n,r){gform.removeHook(\"filter\",o,n,r)},addHook:function(o,n,r,t,i){null==gform.hooks[o][n]&&(gform.hooks[o][n]=[]);var e=gform.hooks[o][n];null==i&&(i=n+\"_\"+e.length),gform.hooks[o][n].push({tag:i,callable:r,priority:t=null==t?10:t})},doHook:function(n,o,r){var t;if(r=Array.prototype.slice.call(r,1),null!=gform.hooks[n][o]&&((o=gform.hooks[n][o]).sort(function(o,n){return o.priority-n.priority}),o.forEach(function(o){\"function\"!=typeof(t=o.callable)&&(t=window[t]),\"action\"==n?t.apply(null,r):r[0]=t.apply(null,r)})),\"filter\"==n)return r[0]},removeHook:function(o,n,t,i){var r;null!=gform.hooks[o][n]&&(r=(r=gform.hooks[o][n]).filter(function(o,n,r){return!!(null!=i&&i!=o.tag||null!=t&&t!=o.priority)}),gform.hooks[o][n]=r)}});<\/script>\n                <div class='gf_browser_gecko gform_wrapper gform_legacy_markup_wrapper gform-theme--no-framework' data-form-theme='legacy' data-form-index='0' id='gform_wrapper_4' style='display:none'><div id='gf_4' class='gform_anchor' tabindex='-1'><\/div><form method='post' enctype='multipart\/form-data'  id='gform_4'  action='\/fr\/wp-json\/wp\/v2\/pages\/3827#gf_4' data-formid='4' ><div id='gf_page_steps_4' class='gf_page_steps'><div id='gf_step_4_1' class='gf_step gf_step_active gf_step_first'><span class='gf_step_number'>1<\/span><span class='gf_step_label'>Informations de la maison<\/span><\/div><div id='gf_step_4_2' class='gf_step gf_step_last gf_step_next gf_step_pending'><span class='gf_step_number'>2<\/span><span class='gf_step_label'>Informations personnelles<\/span><\/div><\/div>\n                        <div class='gform-body gform_body'><div id='gform_page_4_1' class='gform_page simulateur_page_1' data-js='page-field-id-1' >\n                                    <div class='gform_page_fields'><fieldset class=\"gfieldset gform_fieldset_begin gform_fieldset \"><ul class=\"gform_fields top_label form_sublabel_below description_below\"><li id=\"field_4_3\"  class=\"form-group gfield gfield--type-select gf_left_half field_sublabel_below gfield--no-description field_description_below gfield_visibility_visible\"  data-field-class=\"form-group\" data-js-reload=\"field_4_3\"><label class='gfield_label gform-field-label' for='input_4_3' >S\u00e9lectionnez un type de maison<\/label><div class='ginput_container ginput_container_select'><select name='input_3' id='input_4_3' class='large gfield_select'     aria-invalid=\"false\" ><option value='Sur-Mesure' >Sur-Mesure<\/option><option value='Tendance' >Tendance<\/option><option value='Classique' >Classique<\/option><option value='Design' >Design<\/option><\/select><\/div><\/li><li id=\"field_4_5\"  class=\"form-group gfield gfield--type-radio gfield--type-choice gf_right_half field_sublabel_below gfield--no-description field_description_below gfield_visibility_visible\"  data-field-class=\"form-group\" data-js-reload=\"field_4_5\"><label class='gfield_label gform-field-label'  >Avez-vous d\u00e9j\u00e0 acquis un terrain ?<\/label><div class='ginput_container ginput_container_radio'><ul class='gfield_radio' id='input_4_5'>\n\t\t\t<li class='gchoice gchoice_4_5_0'>\n\t\t\t\t<input name='input_5' type='radio' value='Oui'  id='choice_4_5_0'    \/>\n\t\t\t\t<label for='choice_4_5_0' id='label_4_5_0' class='gform-field-label gform-field-label--type-inline'>Oui<\/label>\n\t\t\t<\/li>\n\t\t\t<li class='gchoice gchoice_4_5_1'>\n\t\t\t\t<input name='input_5' type='radio' value='Non' checked='checked' id='choice_4_5_1'    \/>\n\t\t\t\t<label for='choice_4_5_1' id='label_4_5_1' class='gform-field-label gform-field-label--type-inline'>Non<\/label>\n\t\t\t<\/li><\/ul><\/div><\/li><li id=\"field_4_24\"  class=\"form-group gfield gfield--type-select gf_left_half field_sublabel_below gfield--no-description field_description_below gfield_visibility_visible\"  data-field-class=\"form-group\" data-js-reload=\"field_4_24\"><label class='gfield_label gform-field-label' for='input_4_24' >Dans quel d\u00e9partement ?<\/label><div class='ginput_container ginput_container_select'><select name='input_24' id='input_4_24' class='large gfield_select'     aria-invalid=\"false\" ><option value='Haut-Rhin (68)' >Haut-Rhin (68)<\/option><option value='Bas-Rhin (67)' >Bas-Rhin (67)<\/option><\/select><\/div><\/li><li id=\"field_4_32\"  class=\"form-group gfield gfield--type-text gf_right_half field_sublabel_below gfield--no-description field_description_below gfield_visibility_visible\"  data-field-class=\"form-group\" data-js-reload=\"field_4_32\"><label class='gfield_label gform-field-label' for='input_4_32' >Pr\u00e9cisez la commune<\/label><div class='ginput_container ginput_container_text'><input name='input_32' id='input_4_32' type='text' value='' class='large'      aria-invalid=\"false\"   \/> <\/div><\/li><li id=\"field_4_33\"  class=\"form-group gfield gfield--type-select gf_left_half field_sublabel_below gfield--no-description field_description_below gfield_visibility_visible\"  data-field-class=\"form-group\" data-js-reload=\"field_4_33\"><label class='gfield_label gform-field-label' for='input_4_33' >D\u00e9partement souhait\u00e9<\/label><div class='ginput_container ginput_container_select'><select name='input_33' id='input_4_33' class='large gfield_select'     aria-invalid=\"false\" ><option value='Haut-Rhin (68)' >Haut-Rhin (68)<\/option><option value='Bas-Rhin (67)' >Bas-Rhin (67)<\/option><\/select><\/div><\/li><li id=\"field_4_34\"  class=\"form-group gfield gfield--type-textarea gf_right_half field_sublabel_below gfield--no-description field_description_below gfield_visibility_visible\"  data-field-class=\"form-group\" data-js-reload=\"field_4_34\"><label class='gfield_label gform-field-label' for='input_4_34' >Liste des communes souhait\u00e9es<\/label><div class='ginput_container ginput_container_textarea'><textarea name='input_34' id='input_4_34' class='textarea small'      aria-invalid=\"false\"   rows='10' cols='50'><\/textarea><\/div><\/li><li id=\"field_4_4\"  class=\"form-group gfield gfield--type-number gf_left_half field_sublabel_below gfield--no-description field_description_below gfield_visibility_visible\"  data-field-class=\"form-group\" data-js-reload=\"field_4_4\"><label class='gfield_label gform-field-label' for='input_4_4' >Surface de la maison en m\u00b2<\/label><div class='ginput_container ginput_container_number'><input name='input_4' id='input_4_4' type='text'    value='' class='large'      aria-invalid=\"false\"  \/><\/div><\/li><li id=\"field_4_6\"  class=\"form-group gfield gfield--type-radio gfield--type-choice gf_right_half field_sublabel_below gfield--no-description field_description_below gfield_visibility_visible\"  data-field-class=\"form-group\" data-js-reload=\"field_4_6\"><label class='gfield_label gform-field-label'  >Maison \u00e0 \u00e9tage ou plain pied ?<\/label><div class='ginput_container ginput_container_radio'><ul class='gfield_radio' id='input_4_6'>\n\t\t\t<li class='gchoice gchoice_4_6_0'>\n\t\t\t\t<input name='input_6' type='radio' value='\u00c9tage' checked='checked' id='choice_4_6_0'    \/>\n\t\t\t\t<label for='choice_4_6_0' id='label_4_6_0' class='gform-field-label gform-field-label--type-inline'>\u00c9tage<\/label>\n\t\t\t<\/li>\n\t\t\t<li class='gchoice gchoice_4_6_1'>\n\t\t\t\t<input name='input_6' type='radio' value='Plain pied'  id='choice_4_6_1'    \/>\n\t\t\t\t<label for='choice_4_6_1' id='label_4_6_1' class='gform-field-label gform-field-label--type-inline'>Plain pied<\/label>\n\t\t\t<\/li><\/ul><\/div><\/li><li id=\"field_4_7\"  class=\"form-group gfield gfield--type-radio gfield--type-choice gf_right_half field_sublabel_below gfield--no-description field_description_below gfield_visibility_visible\"  data-field-class=\"form-group\" data-js-reload=\"field_4_7\"><label class='gfield_label gform-field-label'  >Souhaitez-vous un garage ?<\/label><div class='ginput_container ginput_container_radio'><ul class='gfield_radio' id='input_4_7'>\n\t\t\t<li class='gchoice gchoice_4_7_0'>\n\t\t\t\t<input name='input_7' type='radio' value='Sous-sol' checked='checked' id='choice_4_7_0'    \/>\n\t\t\t\t<label for='choice_4_7_0' id='label_4_7_0' class='gform-field-label gform-field-label--type-inline'>Sous-sol<\/label>\n\t\t\t<\/li>\n\t\t\t<li class='gchoice gchoice_4_7_1'>\n\t\t\t\t<input name='input_7' type='radio' value='Accol\u00e9'  id='choice_4_7_1'    \/>\n\t\t\t\t<label for='choice_4_7_1' id='label_4_7_1' class='gform-field-label gform-field-label--type-inline'>Accol\u00e9<\/label>\n\t\t\t<\/li><\/ul><\/div><\/li><li id=\"field_4_8\"  class=\"form-group gfield gfield--type-radio gfield--type-choice gf_right_half field_sublabel_below gfield--no-description field_description_below gfield_visibility_visible\"  data-field-class=\"form-group\" data-js-reload=\"field_4_8\"><label class='gfield_label gform-field-label'  >Souhaitez-vous une terrasse ?<\/label><div class='ginput_container ginput_container_radio'><ul class='gfield_radio' id='input_4_8'>\n\t\t\t<li class='gchoice gchoice_4_8_0'>\n\t\t\t\t<input name='input_8' type='radio' value='Oui'  id='choice_4_8_0'    \/>\n\t\t\t\t<label for='choice_4_8_0' id='label_4_8_0' class='gform-field-label gform-field-label--type-inline'>Oui<\/label>\n\t\t\t<\/li>\n\t\t\t<li class='gchoice gchoice_4_8_1'>\n\t\t\t\t<input name='input_8' type='radio' value='Non' checked='checked' id='choice_4_8_1'    \/>\n\t\t\t\t<label for='choice_4_8_1' id='label_4_8_1' class='gform-field-label gform-field-label--type-inline'>Non<\/label>\n\t\t\t<\/li><\/ul><\/div><\/li><li id=\"field_4_9\"  class=\"form-group gfield gfield--type-radio gfield--type-choice gf_left_half field_sublabel_below gfield--no-description field_description_below gfield_visibility_visible\"  data-field-class=\"form-group\" data-js-reload=\"field_4_9\"><label class='gfield_label gform-field-label'  >Souhaitez-vous une salle de bain \u00e9quip\u00e9e ?<\/label><div class='ginput_container ginput_container_radio'><ul class='gfield_radio' id='input_4_9'>\n\t\t\t<li class='gchoice gchoice_4_9_0'>\n\t\t\t\t<input name='input_9' type='radio' value='Oui'  id='choice_4_9_0'    \/>\n\t\t\t\t<label for='choice_4_9_0' id='label_4_9_0' class='gform-field-label gform-field-label--type-inline'>Oui<\/label>\n\t\t\t<\/li>\n\t\t\t<li class='gchoice gchoice_4_9_1'>\n\t\t\t\t<input name='input_9' type='radio' value='Non' checked='checked' id='choice_4_9_1'    \/>\n\t\t\t\t<label for='choice_4_9_1' id='label_4_9_1' class='gform-field-label gform-field-label--type-inline'>Non<\/label>\n\t\t\t<\/li><\/ul><\/div><\/li><li id=\"field_4_10\"  class=\"form-group gfield gfield--type-radio gfield--type-choice gf_right_half field_sublabel_below gfield--no-description field_description_below gfield_visibility_visible\"  data-field-class=\"form-group\" data-js-reload=\"field_4_10\"><label class='gfield_label gform-field-label'  >Type de fen\u00eatre<\/label><div class='ginput_container ginput_container_radio'><ul class='gfield_radio' id='input_4_10'>\n\t\t\t<li class='gchoice gchoice_4_10_0'>\n\t\t\t\t<input name='input_10' type='radio' value='PVC' checked='checked' id='choice_4_10_0'    \/>\n\t\t\t\t<label for='choice_4_10_0' id='label_4_10_0' class='gform-field-label gform-field-label--type-inline'>PVC<\/label>\n\t\t\t<\/li>\n\t\t\t<li class='gchoice gchoice_4_10_1'>\n\t\t\t\t<input name='input_10' type='radio' value='Aluminium'  id='choice_4_10_1'    \/>\n\t\t\t\t<label for='choice_4_10_1' id='label_4_10_1' class='gform-field-label gform-field-label--type-inline'>Aluminium<\/label>\n\t\t\t<\/li><\/ul><\/div><\/li><\/ul><\/fieldset>\n                    <\/div>\n                    <div class='gform_page_footer top_label'>\n                         <input type='button' id='gform_next_button_4_31' class='gform_next_button gform-theme-button button' value='Suivant'  onclick='jQuery(\"#gform_target_page_number_4\").val(\"2\");  jQuery(\"#gform_4\").trigger(\"submit\",[true]); ' onkeypress='if( event.keyCode == 13 ){ jQuery(\"#gform_target_page_number_4\").val(\"2\");  jQuery(\"#gform_4\").trigger(\"submit\",[true]); } ' \/> \n                    <\/div>\n                <\/div>\n                <div id='gform_page_4_2' class='gform_page' data-js='page-field-id-31' style='display:none;'>\n                    <div class='gform_page_fields'>\n                        <fieldset class=\"gfieldset gform_fieldset_begin gform_fieldset \"><ul class=\"gform_fields top_label form_sublabel_below description_below\"><li id=\"field_4_14\"  class=\"form-group gfield gfield--type-text gf_left_half gfield_contains_required field_sublabel_below gfield--no-description field_description_below gfield_visibility_visible\"  data-field-class=\"form-group\" data-js-reload=\"field_4_14\"><label class='gfield_label gform-field-label' for='input_4_14' >Nom<span class=\"gfield_required\"><span class=\"gfield_required gfield_required_asterisk\">*<\/span><\/span><\/label><div class='ginput_container ginput_container_text'><input name='input_14' id='input_4_14' type='text' value='' class='large'     aria-required=\"true\" aria-invalid=\"false\"   \/> <\/div><\/li><li id=\"field_4_15\"  class=\"form-group gfield gfield--type-text gf_right_half gfield_contains_required field_sublabel_below gfield--no-description field_description_below gfield_visibility_visible\"  data-field-class=\"form-group\" data-js-reload=\"field_4_15\"><label class='gfield_label gform-field-label' for='input_4_15' >Pr\u00e9nom<span class=\"gfield_required\"><span class=\"gfield_required gfield_required_asterisk\">*<\/span><\/span><\/label><div class='ginput_container ginput_container_text'><input name='input_15' id='input_4_15' type='text' value='' class='large'     aria-required=\"true\" aria-invalid=\"false\"   \/> <\/div><\/li><li id=\"field_4_16\"  class=\"form-group gfield gfield--type-email gf_left_half gfield_contains_required field_sublabel_below gfield--no-description field_description_below gfield_visibility_visible\"  data-field-class=\"form-group\" data-js-reload=\"field_4_16\"><label class='gfield_label gform-field-label' for='input_4_16' >Adresse e-mail<span class=\"gfield_required\"><span class=\"gfield_required gfield_required_asterisk\">*<\/span><\/span><\/label><div class='ginput_container ginput_container_email'>\n                            <input name='input_16' id='input_4_16' type='text' value='' class='large'    aria-required=\"true\" aria-invalid=\"false\"  \/>\n                        <\/div><\/li><li id=\"field_4_17\"  class=\"form-group gfield gfield--type-phone gf_right_half gfield_contains_required field_sublabel_below gfield--no-description field_description_below gfield_visibility_visible\"  data-field-class=\"form-group\" data-js-reload=\"field_4_17\"><label class='gfield_label gform-field-label' for='input_4_17' >T\u00e9l\u00e9phone<span class=\"gfield_required\"><span class=\"gfield_required gfield_required_asterisk\">*<\/span><\/span><\/label><div class='ginput_container ginput_container_phone'><input name='input_17' id='input_4_17' type='text' value='' class='large'   aria-required=\"true\" aria-invalid=\"false\"   \/><\/div><\/li><li id=\"field_4_18\"  class=\"form-group gfield gfield--type-text field_sublabel_below gfield--no-description field_description_below gfield_visibility_visible\"  data-field-class=\"form-group\" data-js-reload=\"field_4_18\"><label class='gfield_label gform-field-label' for='input_4_18' >Adresse<\/label><div class='ginput_container ginput_container_text'><input name='input_18' id='input_4_18' type='text' value='' class='large'      aria-invalid=\"false\"   \/> <\/div><\/li><li id=\"field_4_19\"  class=\"form-group gfield gfield--type-text gf_left_half field_sublabel_below gfield--no-description field_description_below gfield_visibility_visible\"  data-field-class=\"form-group\" data-js-reload=\"field_4_19\"><label class='gfield_label gform-field-label' for='input_4_19' >Code postal<\/label><div class='ginput_container ginput_container_text'><input name='input_19' id='input_4_19' type='text' value='' class='large'      aria-invalid=\"false\"   \/> <\/div><\/li><li id=\"field_4_20\"  class=\"form-group gfield gfield--type-text gf_right_half field_sublabel_below gfield--no-description field_description_below gfield_visibility_visible\"  data-field-class=\"form-group\" data-js-reload=\"field_4_20\"><label class='gfield_label gform-field-label' for='input_4_20' >Ville<\/label><div class='ginput_container ginput_container_text'><input name='input_20' id='input_4_20' type='text' value='' class='large'      aria-invalid=\"false\"   \/> <\/div><\/li><\/ul><\/fieldset><\/div>\n        <div class='gform_page_footer top_label'><input type='submit' id='gform_previous_button_4' class='gform_previous_button gform-theme-button gform-theme-button--secondary button' value='\u00c9tape pr\u00e9c\u00e9dente'  onclick='if(window[\"gf_submitting_4\"]){return false;}  window[\"gf_submitting_4\"]=true;  ' onkeypress='if( event.keyCode == 13 ){ if(window[\"gf_submitting_4\"]){return false;} window[\"gf_submitting_4\"]=true;  jQuery(\"#gform_4\").trigger(\"submit\",[true]); }' \/> <input type='submit' id='gform_submit_button_4' class='gform_button button' value='Estimer le budget'  onclick='if(window[\"gf_submitting_4\"]){return false;}  window[\"gf_submitting_4\"]=true;  ' onkeypress='if( event.keyCode == 13 ){ if(window[\"gf_submitting_4\"]){return false;} window[\"gf_submitting_4\"]=true;  jQuery(\"#gform_4\").trigger(\"submit\",[true]); }' \/> \n            <input type='hidden' class='gform_hidden' name='is_submit_4' value='1' \/>\n            <input type='hidden' class='gform_hidden' name='gform_submit' value='4' \/>\n            \n            <input type='hidden' class='gform_hidden' name='gform_unique_id' value='' \/>\n            <input type='hidden' class='gform_hidden' name='state_4' value='WyJbXSIsIjAzMjdlNGQ0NzQxMzhkMjNlMmFkYTljYmExOWZkNTJiIl0=' \/>\n            <input type='hidden' class='gform_hidden' name='gform_target_page_number_4' id='gform_target_page_number_4' value='2' \/>\n            <input type='hidden' class='gform_hidden' name='gform_source_page_number_4' id='gform_source_page_number_4' value='1' \/>\n            <input type='hidden' name='gform_field_values' value='' \/>\n            \n        <\/div>\n                        <\/div><\/div>\n                        <p style=\"display: none !important;\"><label>&#916;<textarea name=\"ak_hp_textarea\" cols=\"45\" rows=\"8\" maxlength=\"100\"><\/textarea><\/label><input type=\"hidden\" id=\"ak_js_1\" name=\"ak_js\" value=\"32\"\/><script>document.getElementById( \"ak_js_1\" ).setAttribute( \"value\", ( new Date() ).getTime() );<\/script><\/p><\/form>\n                        <\/div><script type=\"text\/javascript\">\ngform.initializeOnLoaded( function() {gformInitSpinner( 4, 'https:\/\/batige.ch\/wp-content\/plugins\/gravityforms\/images\/spinner.svg', true );jQuery('#gform_ajax_frame_4').on('load',function(){var contents = jQuery(this).contents().find('*').html();var is_postback = contents.indexOf('GF_AJAX_POSTBACK') >= 0;if(!is_postback){return;}var form_content = jQuery(this).contents().find('#gform_wrapper_4');var is_confirmation = jQuery(this).contents().find('#gform_confirmation_wrapper_4').length > 0;var is_redirect = contents.indexOf('gformRedirect(){') >= 0;var is_form = form_content.length > 0 && ! is_redirect && ! is_confirmation;var mt = parseInt(jQuery('html').css('margin-top'), 10) + parseInt(jQuery('body').css('margin-top'), 10) + 100;if(is_form){jQuery('#gform_wrapper_4').html(form_content.html());if(form_content.hasClass('gform_validation_error')){jQuery('#gform_wrapper_4').addClass('gform_validation_error');} else {jQuery('#gform_wrapper_4').removeClass('gform_validation_error');}setTimeout( function() { \/* delay the scroll by 50 milliseconds to fix a bug in chrome *\/ jQuery(document).scrollTop(jQuery('#gform_wrapper_4').offset().top - mt); }, 50 );if(window['gformInitDatepicker']) {gformInitDatepicker();}if(window['gformInitPriceFields']) {gformInitPriceFields();}var current_page = jQuery('#gform_source_page_number_4').val();gformInitSpinner( 4, 'https:\/\/batige.ch\/wp-content\/plugins\/gravityforms\/images\/spinner.svg', true );jQuery(document).trigger('gform_page_loaded', [4, current_page]);window['gf_submitting_4'] = false;}else if(!is_redirect){var confirmation_content = jQuery(this).contents().find('.GF_AJAX_POSTBACK').html();if(!confirmation_content){confirmation_content = contents;}setTimeout(function(){jQuery('#gform_wrapper_4').replaceWith(confirmation_content);jQuery(document).scrollTop(jQuery('#gf_4').offset().top - mt);jQuery(document).trigger('gform_confirmation_loaded', [4]);window['gf_submitting_4'] = false;wp.a11y.speak(jQuery('#gform_confirmation_message_4').text());}, 50);}else{jQuery('#gform_4').append(contents);if(window['gformRedirect']) {gformRedirect();}}jQuery(document).trigger('gform_post_render', [4, current_page]);gform.utils.trigger({ event: 'gform\/postRender', native: false, data: { formId: 4, currentPage: current_page } });} );} );\n<\/script>\n[\/vc_column][\/vc_row]<\/p>\n<\/section>","protected":false},"excerpt":{"rendered":"<p>[vc_row][vc_column][\/vc_column][\/vc_row]<\/p>\n","protected":false},"author":1,"featured_media":0,"parent":0,"menu_order":0,"comment_status":"closed","ping_status":"closed","template":"","meta":[],"acf":[],"jetpack_sharing_enabled":true,"_links":{"self":[{"href":"https:\/\/batige.ch\/fr\/wp-json\/wp\/v2\/pages\/3827"}],"collection":[{"href":"https:\/\/batige.ch\/fr\/wp-json\/wp\/v2\/pages"}],"about":[{"href":"https:\/\/batige.ch\/fr\/wp-json\/wp\/v2\/types\/page"}],"author":[{"embeddable":true,"href":"https:\/\/batige.ch\/fr\/wp-json\/wp\/v2\/users\/1"}],"replies":[{"embeddable":true,"href":"https:\/\/batige.ch\/fr\/wp-json\/wp\/v2\/comments?post=3827"}],"version-history":[{"count":3,"href":"https:\/\/batige.ch\/fr\/wp-json\/wp\/v2\/pages\/3827\/revisions"}],"predecessor-version":[{"id":10791,"href":"https:\/\/batige.ch\/fr\/wp-json\/wp\/v2\/pages\/3827\/revisions\/10791"}],"wp:attachment":[{"href":"https:\/\/batige.ch\/fr\/wp-json\/wp\/v2\/media?parent=3827"}],"curies":[{"name":"wp","href":"https:\/\/api.w.org\/{rel}","templated":true}]}}