{"id":242,"date":"2015-09-03T08:57:58","date_gmt":"2015-09-03T06:57:58","guid":{"rendered":"https:\/\/batige.ch\/nos-techniques\/"},"modified":"2018-02-28T15:09:16","modified_gmt":"2018-02-28T14:09:16","slug":"techniques-de-construction","status":"publish","type":"page","link":"https:\/\/batige.ch\/fr\/techniques-de-construction\/","title":{"rendered":"Nos techniques de construction de maisons"},"content":{"rendered":"<p><strong>Nos techniques de construction s\u2019inscrivent dans notre volont\u00e9 de rester \u00e0 la pointe de l\u2019innovation pour nous adapter \u00e0 vos envies et garantir le confort de votre maison.<\/strong><\/p>\n<h2>Techniques de construction et \u00e9tude sismique<\/h2>\n<p>Avant tout d\u00e9marrage de chantier, les experts de Batige assurent votre projet de construction en effectuant une r\u00e9elle \u00e9tude technique qui repr\u00e9sente, pour le client, un v\u00e9ritable avantage. En effet, l\u2019activit\u00e9 sismique alsacienne \u00e9tant sup\u00e9rieure \u00e0 celle des autres r\u00e9gions de France, les sols sont \u00e9tudi\u00e9s pr\u00e9cis\u00e9ment gr\u00e2ce \u00e0 des techniques avanc\u00e9es selon des r\u00e9glementations sp\u00e9cifiques.<\/p>\n<h2>Isolation thermique<\/h2>\n<p>Une fois ces \u00e9tudes pr\u00e9alables effectu\u00e9es, Batige vous offre une structure de maison et un second \u0153uvre sp\u00e9cifiques et uniques.<\/p>\n<p>En effet, nous attachons une importance particuli\u00e8re \u00e0 l\u2019isolation de votre futur logement. Nous essayons de limiter le plus possible l\u2019infiltration d\u2019eau de vos sous-sol, rez-de-chauss\u00e9e et \u00e9tages par des techniques d\u2019isolations sp\u00e9cifiques (isolation par l\u2019ext\u00e9rieur, cloisons pl\u00e2tr\u00e9es, isolation des planchers pour locaux non chauff\u00e9s).<\/p>\n<p>Par ailleurs, des expertises sont men\u00e9es pour garantir une isolation thermique de qualit\u00e9. Cette derni\u00e8re se retrouve \u00e0 travers nos produits (menuiserie en PVC ou en aluminium laqu\u00e9, porte de garage en PVC ou en acier laqu\u00e9, porte d\u2019entr\u00e9e en aluminium laqu\u00e9, volet roulant en aluminium) et nos chauffages respectant le d\u00e9veloppement durable. Nous souhaitons aussi souligner nos offres exclusives de charpentes traditionnelles et massives en sapin trait\u00e9 se diff\u00e9renciant des industrielles (fermettes) par son aspect esth\u00e9tique et \u00e9conomique.<\/p>\n<h2>Un r\u00e9seau de partenaires fiables<\/h2>\n<p>Pour finir, les prestations de Batige s\u2019\u00e9tendent aux rev\u00eatements de sols et aux peintures mais aussi aux sanitaires et aux \u00e9quipements \u00e9lectriques pour vous garantir un confort optimal d\u00e8s votre emm\u00e9nagement dans votre maison.<\/p>\n<p>La participation de nos partenaires et fournisseurs repr\u00e9sente une r\u00e9elle n\u00e9cessit\u00e9 dans l\u2019ensemble de nos prestations, aussi, n\u2019h\u00e9sitez pas \u00e0 consulter la <a href=\"https:\/\/batige.ch\/fr\/nos-partenaires\/\">liste de nos entreprises partenaires<\/a>.<\/p>\n","protected":false},"excerpt":{"rendered":"<p>Nos techniques de construction s\u2019inscrivent dans notre volont\u00e9 de rester \u00e0 la pointe de l\u2019innovation pour nous adapter \u00e0 vos envies et garantir le confort de votre maison. Techniques de construction et \u00e9tude sismique Avant tout d\u00e9marrage de chantier, les experts de Batige assurent votre projet de construction en effectuant une r\u00e9elle \u00e9tude technique qui [&hellip;]<\/p>\n","protected":false},"author":1,"featured_media":0,"parent":0,"menu_order":0,"comment_status":"closed","ping_status":"closed","template":"","meta":[],"acf":[],"jetpack_sharing_enabled":true,"_links":{"self":[{"href":"https:\/\/batige.ch\/fr\/wp-json\/wp\/v2\/pages\/242"}],"collection":[{"href":"https:\/\/batige.ch\/fr\/wp-json\/wp\/v2\/pages"}],"about":[{"href":"https:\/\/batige.ch\/fr\/wp-json\/wp\/v2\/types\/page"}],"author":[{"embeddable":true,"href":"https:\/\/batige.ch\/fr\/wp-json\/wp\/v2\/users\/1"}],"replies":[{"embeddable":true,"href":"https:\/\/batige.ch\/fr\/wp-json\/wp\/v2\/comments?post=242"}],"version-history":[{"count":4,"href":"https:\/\/batige.ch\/fr\/wp-json\/wp\/v2\/pages\/242\/revisions"}],"predecessor-version":[{"id":11877,"href":"https:\/\/batige.ch\/fr\/wp-json\/wp\/v2\/pages\/242\/revisions\/11877"}],"wp:attachment":[{"href":"https:\/\/batige.ch\/fr\/wp-json\/wp\/v2\/media?parent=242"}],"curies":[{"name":"wp","href":"https:\/\/api.w.org\/{rel}","templated":true}]}}