{"id":240,"date":"2015-09-03T08:55:29","date_gmt":"2015-09-03T07:55:29","guid":{"rendered":"https:\/\/batige.ch\/qui-sommes-nous\/"},"modified":"2018-02-23T14:20:00","modified_gmt":"2018-02-23T13:20:00","slug":"qui-sommes-nous","status":"publish","type":"page","link":"https:\/\/batige.ch\/fr\/qui-sommes-nous\/","title":{"rendered":"Batige, construisons votre maison en Alsace"},"content":{"rendered":"<h2>D\u2019hier \u00e0 aujourd\u2019hui<\/h2>\n<p>Cr\u00e9\u00e9e en 1975, la soci\u00e9t\u00e9 Batige consacre son \u00e9nergie et ses comp\u00e9tences \u00e0 un unique m\u00e9tier\u00a0: la construction de maisons individuelles dans le <strong>Haut-Rhin, le Bas-Rhin, et le territoire de Belfort<\/strong>.<\/p>\n<p>Nous nous engageons \u00e0 mettre notre savoir-faire \u00e0 la disposition d\u2019une client\u00e8le alsacienne, anglaise et suisse ayant la volont\u00e9 de vivre dans une maison personnalis\u00e9e, innovante et responsable. En effet, un projet de construction ne se r\u00e9ussit qu\u2019avec l\u2019\u00e9coute et les \u00e9changes avec le client, c\u2019est pourquoi la mission que s\u2019engage \u00e0 accomplir Batige est uniquement de con\u00e7evoir et construire des maisons individuelles qui vous ressemblent et vous diff\u00e9rencient: avec Batige, \u00ab r\u00e9alisez le r\u00eave qui vous habite \u00bb.<\/p>\n<p>Si\u00e9geant \u00e0 Bartenheim, implant\u00e9e \u00e0 Colmar, et aujourd\u2019hui dirig\u00e9e par M. Bennatan et O. Karadag, notre entreprise se lance dans des projets respectant ses valeurs et devises: la personnalisation, le d\u00e9veloppement durable et l\u2019innovation.<\/p>\n<h2>Des constructions respectueuses de l\u2019environnement<\/h2>\n<p>Tout d\u2019abord, Batige souhaite que son client puisse <strong>personnaliser son projet<\/strong>\u00a0: nous proposons une multitude d\u2019habitations de diff\u00e9rentes gammes ou du sur-mesure, qui sont le plus souvent associ\u00e9es \u00e0 un terrain disponible.<\/p>\n<p>De plus, Batige est engag\u00e9 dans le d\u00e9veloppement durable : les constructions \u00e9conomiques sont au centre de nos engagements. En effet, nous sommes soucieux de l\u2019environnement et le respectons \u00e0 travers la recherche d\u2019\u00e9conomie d\u2019\u00e9nergie et la mise en \u0153uvre de mat\u00e9riaux sains lors de nos prestations. Depuis 2013, nous appliquons par la r\u00e9glementation RT 2012 de Grenelle Environnement imposant au maximum une consommation pour une maison construite de 50 kWh\/m\u00b2 \/an tout en optimisant sa performance \u00e9nerg\u00e9tique.<\/p>\n<p><a href=\"http:\/\/www.rt-batiment.fr\/batiments-neufs\/reglementation-thermique-2012\/presentation.html\" target=\"_blank\" rel=\"noopener noreferrer\"><img decoding=\"async\" loading=\"lazy\" class=\"alignnone size-full wp-image-252\" src=\"https:\/\/batige.fr\/\/wp-content\/uploads\/2015\/09\/RT-2012.png\" alt=\"RT-2012\" width=\"100\" height=\"101\" srcset=\"https:\/\/batige.ch\/wp-content\/uploads\/2015\/09\/RT-2012.png 100w, https:\/\/batige.ch\/wp-content\/uploads\/2015\/09\/RT-2012-99x100.png 99w\" sizes=\"(max-width: 100px) 100vw, 100px\" \/><\/a> <a href=\"http:\/\/www.rt-batiment.fr\/batiments-neufs\/reglementation-thermique-2012\/presentation.html\" target=\"_blank\" rel=\"noopener noreferrer\"><img decoding=\"async\" loading=\"lazy\" class=\"alignnone size-medium wp-image-253\" src=\"https:\/\/batige.fr\/\/wp-content\/uploads\/2015\/09\/grenelle.png\" alt=\"grenelle\" width=\"100\" height=\"100\" \/><\/a><\/p>\n<p>Cette r\u00e9glementation est compos\u00e9e de trois exigences\u00a0:<\/p>\n<ul>\n<li><strong>L\u2019efficacit\u00e9 \u00e9nerg\u00e9tique du b\u00e2timent<\/strong> : nous limitons \u00e0 la fois la consommation \u00e9nerg\u00e9tique pour le chauffage, refroidissement et \u00e9clairage tout en fixant l\u2019optimisation ind\u00e9pendamment des syst\u00e8mes \u00e9nerg\u00e9tiques mise en \u0153uvre<\/li>\n<li><strong>La consommation \u00e9nerg\u00e9tique du b\u00e2timent<\/strong> : nous adaptons le syst\u00e8me de chauffage de telle sorte \u00e0 consommer le moins possible<\/li>\n<li><strong>Le confort d\u2019\u00e9t\u00e9 dans les b\u00e2timents non-climatis\u00e9s\u00a0: <\/strong>nous adaptons nos \u00e9quipement pour qu\u2019ils soit plus \u00e9conomique et pour vous assurer un confort d\u2019\u00e9t\u00e9.<\/li>\n<\/ul>\n<h2>Des maisons individuelles innovantes<\/h2>\n<p>Pour finir, notre derni\u00e8re ligne directrice est<strong> l\u2019innovation<\/strong>\u00a0: nous nous adaptons toujours aux derni\u00e8res exigences du march\u00e9 pour vous proposer toujours plus de nouveaut\u00e9s et de qualit\u00e9s. Nous restons constamment attentifs \u00e0 l\u2019\u00e9mergence de nouvelles techniques r\u00e8glement\u00e9es et respectueuses de l\u2019environnement.<\/p>\n<p>Par ailleurs, nous n\u2019h\u00e9sitons pas \u00e0 nous impliquer dans des projets r\u00e9gionaux et \u00e0 pratiquer le m\u00e9c\u00e9nat pour des artistes talentueux et innovant dans leur domaine.<\/p>\n","protected":false},"excerpt":{"rendered":"<p>D\u2019hier \u00e0 aujourd\u2019hui Cr\u00e9\u00e9e en 1975, la soci\u00e9t\u00e9 Batige consacre son \u00e9nergie et ses comp\u00e9tences \u00e0 un unique m\u00e9tier\u00a0: la construction de maisons individuelles dans le Haut-Rhin, le Bas-Rhin, et le territoire de Belfort. Nous nous engageons \u00e0 mettre notre savoir-faire \u00e0 la disposition d\u2019une client\u00e8le alsacienne, anglaise et suisse ayant la volont\u00e9 de vivre [&hellip;]<\/p>\n","protected":false},"author":1,"featured_media":0,"parent":0,"menu_order":0,"comment_status":"closed","ping_status":"closed","template":"","meta":[],"acf":[],"jetpack_sharing_enabled":true,"_links":{"self":[{"href":"https:\/\/batige.ch\/fr\/wp-json\/wp\/v2\/pages\/240"}],"collection":[{"href":"https:\/\/batige.ch\/fr\/wp-json\/wp\/v2\/pages"}],"about":[{"href":"https:\/\/batige.ch\/fr\/wp-json\/wp\/v2\/types\/page"}],"author":[{"embeddable":true,"href":"https:\/\/batige.ch\/fr\/wp-json\/wp\/v2\/users\/1"}],"replies":[{"embeddable":true,"href":"https:\/\/batige.ch\/fr\/wp-json\/wp\/v2\/comments?post=240"}],"version-history":[{"count":3,"href":"https:\/\/batige.ch\/fr\/wp-json\/wp\/v2\/pages\/240\/revisions"}],"predecessor-version":[{"id":11873,"href":"https:\/\/batige.ch\/fr\/wp-json\/wp\/v2\/pages\/240\/revisions\/11873"}],"wp:attachment":[{"href":"https:\/\/batige.ch\/fr\/wp-json\/wp\/v2\/media?parent=240"}],"curies":[{"name":"wp","href":"https:\/\/api.w.org\/{rel}","templated":true}]}}