{"id":227,"date":"2015-09-03T08:49:27","date_gmt":"2015-09-03T07:49:27","guid":{"rendered":"https:\/\/batige.ch\/nos-offres\/"},"modified":"2017-08-29T10:56:40","modified_gmt":"2017-08-29T08:56:40","slug":"offres","status":"publish","type":"page","link":"https:\/\/batige.ch\/fr\/offres\/","title":{"rendered":"Nos offres de terrains et maisons individuelles en Alsace"},"content":{"rendered":"<p>Fort d\u2019un r\u00e9seau d\u2019experts en prospection fonci\u00e8re, Batige vous propose un large choix de terrains situ\u00e9s dans diff\u00e9rentes zones g\u00e9ographiques du Haut-Rhin\u00a0:<strong> la mulhousienne, la colmarienne et la zone des Trois Fronti\u00e8res<\/strong>.<\/p>\n<h2>Nos terrains et maisons individuelles<\/h2>\n<p>Vous avez trouv\u00e9 un terrain susceptible d\u2019accueillir votre future maison\u00a0? Poursuivons ensemble votre projet de construction\u00a0: vous trouverez sur notre site plusieurs gammes de maisons individuelles, du mod\u00e8le <a href=\"https:\/\/batige.ch\/fr\/maisons\/types\/maison-design\/\">design<\/a> au mod\u00e8le plus <a href=\"https:\/\/batige.ch\/fr\/maisons\/types\/maison-classique\/\">traditionnel<\/a> en passant par la maison <a href=\"https:\/\/batige.ch\/fr\/maisons\/types\/sur-mesure\/\">sur-mesure<\/a>.<\/p>\n<p>Faites part de vos id\u00e9es \u00e0 nos conseillers. Ils se tiennent \u00e0 votre disposition pour vous apporter des renseignements et \u00e9tudier avec vous vos besoins.<\/p>\n","protected":false},"excerpt":{"rendered":"<p>Fort d\u2019un r\u00e9seau d\u2019experts en prospection fonci\u00e8re, Batige vous propose un large choix de terrains situ\u00e9s dans diff\u00e9rentes zones g\u00e9ographiques du Haut-Rhin\u00a0: la mulhousienne, la colmarienne et la zone des Trois Fronti\u00e8res. Nos terrains et maisons individuelles Vous avez trouv\u00e9 un terrain susceptible d\u2019accueillir votre future maison\u00a0? Poursuivons ensemble votre projet de construction\u00a0: vous trouverez [&hellip;]<\/p>\n","protected":false},"author":1,"featured_media":0,"parent":0,"menu_order":0,"comment_status":"closed","ping_status":"closed","template":"","meta":[],"acf":[],"jetpack_sharing_enabled":true,"_links":{"self":[{"href":"https:\/\/batige.ch\/fr\/wp-json\/wp\/v2\/pages\/227"}],"collection":[{"href":"https:\/\/batige.ch\/fr\/wp-json\/wp\/v2\/pages"}],"about":[{"href":"https:\/\/batige.ch\/fr\/wp-json\/wp\/v2\/types\/page"}],"author":[{"embeddable":true,"href":"https:\/\/batige.ch\/fr\/wp-json\/wp\/v2\/users\/1"}],"replies":[{"embeddable":true,"href":"https:\/\/batige.ch\/fr\/wp-json\/wp\/v2\/comments?post=227"}],"version-history":[{"count":5,"href":"https:\/\/batige.ch\/fr\/wp-json\/wp\/v2\/pages\/227\/revisions"}],"predecessor-version":[{"id":11870,"href":"https:\/\/batige.ch\/fr\/wp-json\/wp\/v2\/pages\/227\/revisions\/11870"}],"wp:attachment":[{"href":"https:\/\/batige.ch\/fr\/wp-json\/wp\/v2\/media?parent=227"}],"curies":[{"name":"wp","href":"https:\/\/api.w.org\/{rel}","templated":true}]}}