{"id":221,"date":"2015-09-03T08:44:06","date_gmt":"2015-09-03T06:44:06","guid":{"rendered":"https:\/\/batige.ch\/nos-garanties\/"},"modified":"2018-02-28T15:09:00","modified_gmt":"2018-02-28T14:09:00","slug":"garanties","status":"publish","type":"page","link":"https:\/\/batige.ch\/fr\/garanties\/","title":{"rendered":"Construire sa maison individuelle : les garanties Batige"},"content":{"rendered":"<p><img decoding=\"async\" loading=\"lazy\" class=\"alignnone size-medium wp-image-264\" src=\"https:\/\/batige.fr\/\/wp-content\/uploads\/2015\/09\/cegc.png\" alt=\"cegc\" width=\"122\" height=\"160\" srcset=\"https:\/\/batige.ch\/wp-content\/uploads\/2015\/09\/cegc.png 122w, https:\/\/batige.ch\/wp-content\/uploads\/2015\/09\/cegc-76x100.png 76w\" sizes=\"(max-width: 122px) 100vw, 122px\" \/><img decoding=\"async\" loading=\"lazy\" class=\"alignnone size-full wp-image-266\" src=\"https:\/\/batige.fr\/\/wp-content\/uploads\/2015\/09\/securite-projet.jpg\" alt=\"securite-projet\" width=\"120\" height=\"160\" srcset=\"https:\/\/batige.ch\/wp-content\/uploads\/2015\/09\/securite-projet.jpg 120w, https:\/\/batige.ch\/wp-content\/uploads\/2015\/09\/securite-projet-75x100.jpg 75w\" sizes=\"(max-width: 120px) 100vw, 120px\" \/><\/p>\n<p>Construire une maison individuelle en Alsace avec Batige signifie aussi construire en toute s\u00e9curit\u00e9 et en toute confiance. En effet, la soci\u00e9t\u00e9 a conscience que la construction d\u2019une maison est un des piliers de la vie de ses clients, elle veille donc \u00e0 ce que le projet soit s\u00e9curis\u00e9.<\/p>\n<p>La garantie est souscrite par l\u2019organisme habilit\u00e9 appel\u00e9 CEGC (Compagnie Europ\u00e9enne de Garanties et Cautions) qui propose des garanties financi\u00e8res et des assurances de construction pour la client\u00e8le des soci\u00e9t\u00e9s et entreprises de construction de maisons individuelles. Tous les projets de Batige sont con\u00e7us autour de ces garanties et assurances, ce qui lui permet de faire partie des constructeurs alsaciens r\u00e9glement\u00e9s : choisir Batige, c\u2019est choisir une soci\u00e9t\u00e9 de construction de maison responsable qui s\u2019engage \u00e0 vous assurer dans vos travaux de construction.<\/p>\n<h2>Garanties de remboursement d\u2019acompte et de livraison<\/h2>\n<p>Lors de la construction, vous serez assur\u00e9s par des garanties financi\u00e8res. Parmi celles-ci, vous disposerez de la garantie de remboursement d\u2019acompte et de la garantie de livraison:<\/p>\n<ul>\n<li><strong>garantie de remboursement d\u2019acompte<\/strong>\u00a0: elle permet au ma\u00eetre d\u2019ouvrage de r\u00e9cup\u00e9rer les sommes vers\u00e9es avant que le chantier n\u2019ouvre dans le cas o\u00f9 le contrat ne prend pas effet (non-r\u00e9alisation d\u2019une condition suspensive dans le d\u00e9lai pr\u00e9vu, r\u00e9tractation du ma\u00eetre d\u2019ouvrage dans le d\u00e9lai de dix jours apr\u00e8s r\u00e9ception du contrat, non-ouverture du chantier \u00e0 la date pr\u00e9vue).<\/li>\n<li><strong>garantie de livraison\u00a0: <\/strong>elle vous permet d\u2019\u00eatre assur\u00e9 contre les risques de mauvaise ex\u00e9cution des travaux (retard du chantier, non-ex\u00e9cution de travaux ayant fait l\u2019objet de r\u00e9serves ou en cas de d\u00e9p\u00f4t de bilan de l\u2019entreprise Batige, d\u00e9passement des prix, p\u00e9nalit\u00e9s de retard).<\/li>\n<\/ul>\n<h2>Les Garanties Batige de dommages ouvrage<\/h2>\n<p>Par ailleurs, vous disposez d\u2019assurances telles que la garantie dommages ouvrage\u00a0:<\/p>\n<ul>\n<li><strong>garantie dommages ouvrage\u00a0: \u00a0<\/strong>celle-ci vous garantit une r\u00e9paration rapide des d\u00e9sordres affectant votre construction par la mise en \u0153uvre de d\u00e9lais stricts. Souscrite avant le commencement du chantier, cette garantie, d\u00e9cennale et obligatoire, commence d\u00e8s la r\u00e9ception des travaux. Cette garantie est d\u00e9cennale et implique donc notre responsabilit\u00e9 sur une dur\u00e9e de 10 ans apr\u00e8s la r\u00e9ception des travaux. Le principe de la responsabilit\u00e9 est d\u2019ordre public et ne peut \u00eatre alt\u00e9r\u00e9 par une clause.<\/li>\n<li><strong>garantie de parfait ach\u00e8vement\u00a0: <\/strong>d\u2019ordre public, cette garantie s\u2019\u00e9tend sur une dur\u00e9e de 1 an apr\u00e8s la r\u00e9ception des travaux. Nous nous engageons \u00e0 r\u00e9pondre \u00e0 l\u2019ensemble des d\u00e9sordres ou d\u00e9fauts de conformit\u00e9 durant une ann\u00e9e apr\u00e8s la fin des travaux. Cette garantie est faite pour que nos clients soient le plus satisfaits possible de leur nouvelle maison individuelle.<\/li>\n<\/ul>\n<p>Vous avez un projet ?<\/p>\n<p>Contactez-nous pour une \u00e9tude personnalis\u00e9e,\u00a0<a href=\"https:\/\/batige.ch\/fr\/contact\/\">remplissez notre formulaire en ligne<\/a><\/p>\n","protected":false},"excerpt":{"rendered":"<p>Construire une maison individuelle en Alsace avec Batige signifie aussi construire en toute s\u00e9curit\u00e9 et en toute confiance. En effet, la soci\u00e9t\u00e9 a conscience que la construction d\u2019une maison est un des piliers de la vie de ses clients, elle veille donc \u00e0 ce que le projet soit s\u00e9curis\u00e9. La garantie est souscrite par l\u2019organisme [&hellip;]<\/p>\n","protected":false},"author":1,"featured_media":0,"parent":0,"menu_order":0,"comment_status":"closed","ping_status":"closed","template":"","meta":[],"acf":[],"jetpack_sharing_enabled":true,"_links":{"self":[{"href":"https:\/\/batige.ch\/fr\/wp-json\/wp\/v2\/pages\/221"}],"collection":[{"href":"https:\/\/batige.ch\/fr\/wp-json\/wp\/v2\/pages"}],"about":[{"href":"https:\/\/batige.ch\/fr\/wp-json\/wp\/v2\/types\/page"}],"author":[{"embeddable":true,"href":"https:\/\/batige.ch\/fr\/wp-json\/wp\/v2\/users\/1"}],"replies":[{"embeddable":true,"href":"https:\/\/batige.ch\/fr\/wp-json\/wp\/v2\/comments?post=221"}],"version-history":[{"count":4,"href":"https:\/\/batige.ch\/fr\/wp-json\/wp\/v2\/pages\/221\/revisions"}],"predecessor-version":[{"id":11864,"href":"https:\/\/batige.ch\/fr\/wp-json\/wp\/v2\/pages\/221\/revisions\/11864"}],"wp:attachment":[{"href":"https:\/\/batige.ch\/fr\/wp-json\/wp\/v2\/media?parent=221"}],"curies":[{"name":"wp","href":"https:\/\/api.w.org\/{rel}","templated":true}]}}