{"id":216,"date":"2015-09-03T08:41:11","date_gmt":"2015-09-03T06:41:11","guid":{"rendered":"https:\/\/batige.ch\/nos-atouts\/"},"modified":"2018-02-28T15:08:17","modified_gmt":"2018-02-28T14:08:17","slug":"atouts","status":"publish","type":"page","link":"https:\/\/batige.ch\/fr\/atouts\/","title":{"rendered":"Les atouts de Batige"},"content":{"rendered":"<p><strong>Pourquoi faire appel \u00e0 Batige pour votre projet de construction de maison\u00a0? Retrouvez ci-dessous tous les atouts Batige :<\/strong><\/p>\n<ul>\n<li>Avantages et garanties par un contrat de construction Union des Maisons Fran\u00e7aises (UMF).<br \/>\n<a href=\"http:\/\/www.uniondesmaisonsfrancaises.org\/constructeur-maison\/batige-140\" target=\"_blank\" rel=\"noopener noreferrer\"><img decoding=\"async\" loading=\"lazy\" class=\"alignnone size-full wp-image-255\" src=\"https:\/\/batige.fr\/\/wp-content\/uploads\/2015\/09\/union-des-maisons-francaises.png\" alt=\"union-des-maisons-francaises\" width=\"189\" height=\"80\" \/><\/a><\/li>\n<li>De nombreux partenaires financiers pour vous aider \u00e0 optimiser le financement de votre projet\u00a0: l\u2019AFEDIM et IFEA Partner qui vous permettent de trouver des solutions de financement \u00e0 des taux pr\u00e9f\u00e9rentiels.<br \/>\n<img decoding=\"async\" loading=\"lazy\" class=\"alignnone size-medium wp-image-258\" src=\"https:\/\/batige.fr\/\/wp-content\/uploads\/2015\/09\/credit-mutel.png\" alt=\"credit-mutel\" width=\"191\" height=\"57\" \/><img decoding=\"async\" loading=\"lazy\" class=\"alignnone size-full wp-image-257\" src=\"https:\/\/batige.fr\/\/wp-content\/uploads\/2015\/09\/ifea-partner.png\" alt=\"ifea-partner\" width=\"166\" height=\"80\" \/><\/li>\n<li>Personnalisation\u00a0de votre projet par notre propre bureau d&rsquo;\u00e9tudes supervis\u00e9 par un architecte DPLG de plus de 15 ann\u00e9es\u00a0d&rsquo;exp\u00e9rience .<\/li>\n<li>Soci\u00e9t\u00e9 r\u00e9glement\u00e9e RT 2012 o\u00f9 la consommation d&rsquo;\u00e9nergie et l\u2019empreinte environnementale sont ma\u00eetris\u00e9es par un ing\u00e9nieur thermicien.<\/li>\n<li>De nombreux terrains hors lotissement \u00e0 votre disposition.<\/li>\n<li>Co\u00fbts et d\u00e9lais garantis et\u00a0ma\u00eetris\u00e9s.<\/li>\n<li>Pour votre agencement : coaching par notre architecte d&rsquo;int\u00e9rieur (rangements, volumes, d\u00e9coration&#8230;).<\/li>\n<li>Un savoir-faire qui perdure depuis 1975 et qui a permis de construire plus de 2000 maisons individuelles en Alsace.<\/li>\n<li>Un chiffre d\u2019affaires qui a tripl\u00e9 en trois ans gr\u00e2ce \u00e0 une augmentation du nombre de projets permettant la cr\u00e9ation de 13 emplois.<\/li>\n<li>Une marque de r\u00e9f\u00e9rence en cas de revente de votre maison en Alsace.<\/li>\n<\/ul>\n","protected":false},"excerpt":{"rendered":"<p>Pourquoi faire appel \u00e0 Batige pour votre projet de construction de maison\u00a0? Retrouvez ci-dessous tous les atouts Batige : Avantages et garanties par un contrat de construction Union des Maisons Fran\u00e7aises (UMF). De nombreux partenaires financiers pour vous aider \u00e0 optimiser le financement de votre projet\u00a0: l\u2019AFEDIM et IFEA Partner qui vous permettent de trouver [&hellip;]<\/p>\n","protected":false},"author":1,"featured_media":0,"parent":0,"menu_order":0,"comment_status":"closed","ping_status":"closed","template":"","meta":[],"acf":[],"jetpack_sharing_enabled":true,"_links":{"self":[{"href":"https:\/\/batige.ch\/fr\/wp-json\/wp\/v2\/pages\/216"}],"collection":[{"href":"https:\/\/batige.ch\/fr\/wp-json\/wp\/v2\/pages"}],"about":[{"href":"https:\/\/batige.ch\/fr\/wp-json\/wp\/v2\/types\/page"}],"author":[{"embeddable":true,"href":"https:\/\/batige.ch\/fr\/wp-json\/wp\/v2\/users\/1"}],"replies":[{"embeddable":true,"href":"https:\/\/batige.ch\/fr\/wp-json\/wp\/v2\/comments?post=216"}],"version-history":[{"count":1,"href":"https:\/\/batige.ch\/fr\/wp-json\/wp\/v2\/pages\/216\/revisions"}],"predecessor-version":[{"id":9617,"href":"https:\/\/batige.ch\/fr\/wp-json\/wp\/v2\/pages\/216\/revisions\/9617"}],"wp:attachment":[{"href":"https:\/\/batige.ch\/fr\/wp-json\/wp\/v2\/media?parent=216"}],"curies":[{"name":"wp","href":"https:\/\/api.w.org\/{rel}","templated":true}]}}