{"id":201,"date":"2015-09-02T16:08:48","date_gmt":"2015-09-02T15:08:48","guid":{"rendered":"https:\/\/batige.ch\/batige\/"},"modified":"2017-04-26T10:23:42","modified_gmt":"2017-04-26T08:23:42","slug":"batige","status":"publish","type":"page","link":"https:\/\/batige.ch\/fr\/batige\/","title":{"rendered":"Batige, construction de maisons individuelles en Alsace"},"content":{"rendered":"<p>Le projet de construction de maison d\u00e9bute par le choix d\u2019un prestataire. Bien conna\u00eetre au pr\u00e9alable l\u2019entreprise avec laquelle on s\u2019engage est n\u00e9cessaire\u00a0: avec elle, c\u2019est un v\u00e9ritable <strong>partenariat de plusieurs mois<\/strong> qui d\u00e9marre.<\/p>\n<p>L\u2019\u00e9quipe de Batige vous accompagne dans la r\u00e9alisation de votre r\u00eave. Outre son savoir-faire et de nombreux conseils tout au long du projet, notre entreprise mise sur une <strong>relation de confiance<\/strong> avec le futur propri\u00e9taire\u00a0: la \u00ab\u00a0transparence\u00a0\u00bb est de rigueur lorsque l\u2019on construit un projet immobilier ensemble.<\/p>\n<p>Nous vous invitons donc, \u00e0 travers les pages de cette rubrique, \u00e0 apprendre \u00e0 mieux nous conna\u00eetre. <a href=\"https:\/\/batige.ch\/fr\/batige\/qui-sommes-nous\/\">Historique<\/a>, <a href=\"https:\/\/batige.ch\/fr\/batige\/techniques-de-construction\/\">techniques<\/a>, <a href=\"https:\/\/batige.ch\/fr\/batige\/garanties\/\">garanties<\/a>, <a href=\"https:\/\/batige.ch\/fr\/nos-partenaires\/\">partenaires<\/a>, <a href=\"https:\/\/batige.ch\/fr\/realisations\/\">exemples de r\u00e9alisations<\/a>\u2026 d\u00e9couvrez notre entreprise en d\u00e9tail\u00a0!<\/p>\n","protected":false},"excerpt":{"rendered":"<p>Le projet de construction de maison d\u00e9bute par le choix d\u2019un prestataire. Bien conna\u00eetre au pr\u00e9alable l\u2019entreprise avec laquelle on s\u2019engage est n\u00e9cessaire\u00a0: avec elle, c\u2019est un v\u00e9ritable partenariat de plusieurs mois qui d\u00e9marre. L\u2019\u00e9quipe de Batige vous accompagne dans la r\u00e9alisation de votre r\u00eave. Outre son savoir-faire et de nombreux conseils tout au long [&hellip;]<\/p>\n","protected":false},"author":1,"featured_media":0,"parent":0,"menu_order":0,"comment_status":"closed","ping_status":"closed","template":"","meta":[],"acf":[],"jetpack_sharing_enabled":true,"_links":{"self":[{"href":"https:\/\/batige.ch\/fr\/wp-json\/wp\/v2\/pages\/201"}],"collection":[{"href":"https:\/\/batige.ch\/fr\/wp-json\/wp\/v2\/pages"}],"about":[{"href":"https:\/\/batige.ch\/fr\/wp-json\/wp\/v2\/types\/page"}],"author":[{"embeddable":true,"href":"https:\/\/batige.ch\/fr\/wp-json\/wp\/v2\/users\/1"}],"replies":[{"embeddable":true,"href":"https:\/\/batige.ch\/fr\/wp-json\/wp\/v2\/comments?post=201"}],"version-history":[{"count":3,"href":"https:\/\/batige.ch\/fr\/wp-json\/wp\/v2\/pages\/201\/revisions"}],"predecessor-version":[{"id":10776,"href":"https:\/\/batige.ch\/fr\/wp-json\/wp\/v2\/pages\/201\/revisions\/10776"}],"wp:attachment":[{"href":"https:\/\/batige.ch\/fr\/wp-json\/wp\/v2\/media?parent=201"}],"curies":[{"name":"wp","href":"https:\/\/api.w.org\/{rel}","templated":true}]}}