{"id":191,"date":"2015-09-01T16:42:23","date_gmt":"2015-09-01T15:42:23","guid":{"rendered":"https:\/\/batige.ch\/mentions-legales\/"},"modified":"2017-07-17T16:27:59","modified_gmt":"2017-07-17T14:27:59","slug":"mentions-legales","status":"publish","type":"page","link":"https:\/\/batige.ch\/fr\/mentions-legales\/","title":{"rendered":"Mentions l\u00e9gales"},"content":{"rendered":"<h2>Informations et mentions l\u00e9gales<\/h2>\n<p><span class=\"shadowBar\">Identification du gestionnaire du site <\/span><strong>Batige.ch<\/strong>\u00a0est un site \u00e9dit\u00e9 par <strong>Batige<\/strong><br \/>\nS.A.S au capital de 100 000 Euros.<br \/>\nRCS Mulhouse B dont l&rsquo;adresse du si\u00e8ge social est :<\/p>\n<p>80 rue de la Gare<br \/>\n68870 Bartenheim<br \/>\nT\u00e9l : 03 89 69 79 24<\/p>\n<p>Responsable de la publication : <strong>Oguz KARADAG<br \/>\n<\/strong><\/p>\n<h2><span class=\"shadowBar\">Donn\u00e9es personnelles<\/span><\/h2>\n<p>Vous disposez d\u2019un droit d\u2019acc\u00e8s, de modification, de rectification et de suppression des donn\u00e9es vous concernant (loi \u00ab Informatique et Libert\u00e9s \u00bb du 6 janvier 1978). Pour toute demande, adressez-vous \u00e0 Batige &#8211; 80, rue de la Gare &#8211; 68870 BARTENHEIM<\/p>\n<h2><span class=\"shadowBar\">Informations techniques<\/span><\/h2>\n<p>Il est rappel\u00e9 que le secret des correspondances n&rsquo;est pas garanti sur le r\u00e9seau Internet.<br \/>\nL&rsquo;internaute est inform\u00e9 que lors de son acc\u00e8s au site des \u00a0\u00bb cookies \u00a0\u00bb peuvent \u00eatre utilis\u00e9s afin de permettre de l&rsquo;identifier et de conserver les informations saisies pendant toute la dur\u00e9e de sa connexion.<\/p>\n<h2><span class=\"shadowBar\">Liens hypertextes<\/span><\/h2>\n<p>La cr\u00e9ation de liens hypertextes vers le site <a href=\"https:\/\/batige.ch\/\">batige.ch<\/a> est soumise \u00e0 l&rsquo;accord pr\u00e9alable du Directeur de la Publication. Les liens hypertextes \u00e9tablis en direction d&rsquo;autres sites \u00e0 partir de <a href=\"https:\/\/batige.ch\/\">batige.ch<\/a> ne sauraient, en aucun cas, engager la responsabilit\u00e9 de <strong>BATIGE<\/strong>.<\/p>\n<h2><span class=\"shadowBar\">Droits d\u2019auteur<\/span><\/h2>\n<p>La reproduction ou repr\u00e9sentation, int\u00e9grale ou partielle, des pages, des donn\u00e9es et de toute autre \u00e9l\u00e9ment constitutif au site, par quelque proc\u00e9d\u00e9 ou support que ce soit, est interdite et constitue, sans autorisation de l&rsquo;\u00e9diteur, une contrefa\u00e7on.<\/p>\n<h2><span class=\"shadowBar\">Identification de l&rsquo;h\u00e9bergeur du site<\/span><\/h2>\n<p><strong>Batige.ch<\/strong> est h\u00e9berg\u00e9 par <strong>INFOMANIAK<\/strong><br \/>\nAvenue de la Praille, 26<br \/>\n1227 Carouge &#8211; Suisse<\/p>\n<h2><span class=\"shadowBar\">Conception et r\u00e9alisation<\/span><\/h2>\n<p>Batige.ch a \u00e9t\u00e9 con\u00e7u et r\u00e9alis\u00e9 par <strong>Cactus<\/strong>, Agence conseil en communication<br \/>\n7 rue de Stockholm<br \/>\n68260 Kingersheim &#8211; France<br \/>\nTel \/ 03 89 52 63 10<br \/>\nagence-cactus.fr<\/p>\n","protected":false},"excerpt":{"rendered":"<p>Informations et mentions l\u00e9gales Identification du gestionnaire du site Batige.ch\u00a0est un site \u00e9dit\u00e9 par Batige S.A.S au capital de 100 000 Euros. RCS Mulhouse B dont l&rsquo;adresse du si\u00e8ge social est : 80 rue de la Gare 68870 Bartenheim T\u00e9l : 03 89 69 79 24 Responsable de la publication : Oguz KARADAG Donn\u00e9es personnelles [&hellip;]<\/p>\n","protected":false},"author":1,"featured_media":0,"parent":0,"menu_order":0,"comment_status":"closed","ping_status":"closed","template":"","meta":[],"acf":[],"jetpack_sharing_enabled":true,"_links":{"self":[{"href":"https:\/\/batige.ch\/fr\/wp-json\/wp\/v2\/pages\/191"}],"collection":[{"href":"https:\/\/batige.ch\/fr\/wp-json\/wp\/v2\/pages"}],"about":[{"href":"https:\/\/batige.ch\/fr\/wp-json\/wp\/v2\/types\/page"}],"author":[{"embeddable":true,"href":"https:\/\/batige.ch\/fr\/wp-json\/wp\/v2\/users\/1"}],"replies":[{"embeddable":true,"href":"https:\/\/batige.ch\/fr\/wp-json\/wp\/v2\/comments?post=191"}],"version-history":[{"count":4,"href":"https:\/\/batige.ch\/fr\/wp-json\/wp\/v2\/pages\/191\/revisions"}],"predecessor-version":[{"id":11822,"href":"https:\/\/batige.ch\/fr\/wp-json\/wp\/v2\/pages\/191\/revisions\/11822"}],"wp:attachment":[{"href":"https:\/\/batige.ch\/fr\/wp-json\/wp\/v2\/media?parent=191"}],"curies":[{"name":"wp","href":"https:\/\/api.w.org\/{rel}","templated":true}]}}